{"id":719,"date":"2017-07-20T17:01:11","date_gmt":"2017-07-20T15:01:11","guid":{"rendered":"http:\/\/www.hellasguard.gr\/?page_id=719"},"modified":"2017-07-24T09:42:24","modified_gmt":"2017-07-24T07:42:24","slug":"expansion-module-ew2","status":"publish","type":"page","link":"https:\/\/www.hellasguard.gr\/?page_id=719","title":{"rendered":"Expansion module EW2"},"content":{"rendered":"<div id=\"hero\" class=\"vc_row wpb_row vc_row-fluid fullwidth-row\">\n<div class=\"wpb_column vc_column_container vc_col-sm-12\">\n<div class=\"vc_column-inner \">\n<div class=\"wpb_wrapper\">\n<div class=\"vc_row wpb_row vc_inner vc_row-fluid\">\n<div class=\"wpb_column vc_column_container vc_col-sm-12\">\n<div class=\"vc_column-inner \">\n<div class=\"wpb_wrapper\">\n<div class=\"wpb_text_column wpb_content_element \">\n<div class=\"wpb_wrapper\">\n<h1><strong>Wireless expansion module EW2<\/strong><\/h1>\n<p><a href=\"http:\/\/www.hellasguard.gr\/wp-content\/uploads\/2017\/07\/eldesalarms_com_product_ew2.pdf\">eldesalarms_com_product_ew2<\/a><\/p>\n<p>Turns any wired sensor into wireless<\/p>\n<\/div>\n<\/div>\n<div class=\"vc_empty_space\"><\/div>\n<div class=\"wpb_raw_code wpb_content_element wpb_raw_html\">\n<div class=\"wpb_wrapper\">\n<div class=\"hero-image\"><img title=\"EW2\" src=\"https:\/\/eldesalarms.com\/wp-content\/uploads\/2015\/07\/EW2-main-photo.jpg\" alt=\"EW2\" \/><\/p>\n<div class=\"feature-item\">4 zone terminals<\/div>\n<div class=\"feature-item\">2 open-collector outputs<\/div>\n<div class=\"feature-item line-left\">Battery or externally-powered<\/div>\n<div class=\"feature-item line-left\">Compatible with any third-party wired sensor or siren<\/div>\n<div class=\"social-block\"><\/div>\n<\/div>\n<\/div>\n<\/div>\n<div class=\"vc_empty_space\"><\/div>\n<\/div>\n<\/div>\n<\/div>\n<\/div>\n<\/div>\n<\/div>\n<\/div>\n<\/div>\n<div id=\"whatisit\" class=\"vc_row wpb_row vc_row-fluid image-block-right\">\n<div class=\"wpb_column vc_column_container vc_col-sm-12\">\n<div class=\"vc_column-inner \">\n<div class=\"wpb_wrapper\">\n<div class=\"vc_row wpb_row vc_inner vc_row-fluid\">\n<div class=\"wpb_column vc_column_container vc_col-sm-8\">\n<div class=\"vc_column-inner \">\n<div class=\"wpb_wrapper\">\n<div class=\"wpb_text_column wpb_content_element \">\n<div class=\"wpb_wrapper\">\n<h2><strong>What is it?<\/strong><\/h2>\n<p>EW2 is a wireless device intended to expand ELDES alarm system capabilities by providing wireless connection access to any third-party wired devices.<\/p>\n<\/div>\n<\/div>\n<\/div>\n<\/div>\n<\/div>\n<div class=\"wpb_column vc_column_container vc_col-sm-4\">\n<div class=\"vc_column-inner \">\n<div class=\"wpb_wrapper\">\n<div class=\"wpb_single_image wpb_content_element vc_align_left  vc_custom_1439898334009\">\n<figure class=\"wpb_wrapper vc_figure\">\n<div class=\"vc_single_image-wrapper   vc_box_border_grey\"><img loading=\"lazy\" class=\"vc_single_image-img attachment-full\" src=\"https:\/\/eldesalarms.com\/wp-content\/uploads\/2015\/07\/EW2-small-photo-new.jpg\" sizes=\"(max-width: 272px) 100vw, 272px\" srcset=\"https:\/\/eldesalarms.com\/wp-content\/uploads\/2015\/07\/EW2-small-photo-new.jpg 272w, https:\/\/eldesalarms.com\/wp-content\/uploads\/2015\/07\/EW2-small-photo-new-240x194.jpg 240w\" alt=\"\" width=\"272\" height=\"220\" \/><\/div>\n<\/figure>\n<\/div>\n<\/div>\n<\/div>\n<\/div>\n<\/div>\n<div class=\"vc_row wpb_row vc_inner vc_row-fluid\"><\/div>\n<\/div>\n<\/div>\n<\/div>\n<\/div>\n<div id=\"whatitdoes\" class=\"vc_row wpb_row vc_row-fluid product-details block-padding\">\n<div class=\"wpb_column vc_column_container vc_col-sm-12\">\n<div class=\"vc_column-inner \">\n<div class=\"wpb_wrapper\">\n<div class=\"vc_row wpb_row vc_inner vc_row-fluid\">\n<div class=\"wpb_column vc_column_container vc_col-sm-12\">\n<div class=\"vc_column-inner \">\n<div class=\"wpb_wrapper\">\n<div class=\"wpb_text_column wpb_content_element \">\n<div class=\"wpb_wrapper\">\n<h2><strong>What it does?<\/strong><\/h2>\n<p>EW2 comes equipped with 4 zone terminals designed for wired digital sensor connection, such as magnetic door contact, motion detector etc.<\/p>\n<p>In addition, the 2 open-collector outputs on board allow to connect any wired siren as well as to connect and control any electrical appliance, such as gates, lights, watering etc.<\/p>\n<p>It is possible to connect up to 8 EW2 devices to\u00a0<a href=\"https:\/\/eldesalarms.com\/product\/pitbull-alarm\/\">PITBULL-ALARM system<\/a>, while to\u00a0<a href=\"https:\/\/eldesalarms.com\/product\/esim364\/\">ESIM364 alarm system<\/a>\u00a0\u2013 up to 16 EW2 devices at a time.<\/p>\n<p>The maximum wireless connection range is 150m (492.13ft) (in open areas).<\/p>\n<\/div>\n<\/div>\n<div class=\"vc_empty_space\"><\/div>\n<\/div>\n<\/div>\n<\/div>\n<\/div>\n<\/div>\n<\/div>\n<\/div>\n<\/div>\n<div id=\"related-products\" class=\"vc_row wpb_row vc_row-fluid products-list related print-hidden\">\n<div class=\"wpb_column vc_column_container vc_col-sm-12\">\n<div class=\"vc_column-inner \">\n<div class=\"wpb_wrapper\">\n<h2 class=\"related-title\"><strong>Related products<\/strong><\/h2>\n<div class=\"clearfix product-list-cont\">\n<div class=\"product-list-item\">\n<div class=\"list-item-in\">\n<div class=\"img-wrap\"><strong><a title=\"ESIM364 - control Panel with GSM\/GPRS communicator and radio module\" href=\"https:\/\/eldesalarms.com\/product\/esim364\/\"><img loading=\"lazy\" class=\"attachment-full size-full wp-post-image\" src=\"https:\/\/eldesalarms.com\/wp-content\/uploads\/2015\/06\/esim364-grid-photo.jpg\" sizes=\"(max-width: 331px) 100vw, 331px\" srcset=\"https:\/\/eldesalarms.com\/wp-content\/uploads\/2015\/06\/esim364-grid-photo.jpg 331w, https:\/\/eldesalarms.com\/wp-content\/uploads\/2015\/06\/esim364-grid-photo-300x212.jpg 300w\" alt=\"\" width=\"331\" height=\"234\" \/><\/a><\/strong><\/div>\n<h3><strong><a title=\"ESIM364 - control Panel with GSM\/GPRS communicator and radio module\" href=\"https:\/\/eldesalarms.com\/product\/esim364\/\">ESIM364 &#8211; control Panel with GSM\/GPRS communicator and radio module<\/a><\/strong><\/h3>\n<p>&nbsp;<\/p>\n<\/div>\n<\/div>\n<\/div>\n<\/div>\n<\/div>\n<\/div>\n<\/div>\n<div id=\"features\" class=\"vc_row wpb_row vc_row-fluid\">\n<div class=\"wpb_column vc_column_container vc_col-sm-12\">\n<div class=\"vc_column-inner \">\n<div class=\"wpb_wrapper\">\n<div class=\"vc_row wpb_row vc_inner vc_row-fluid\">\n<div class=\"wpb_column vc_column_container vc_col-sm-12\">\n<div class=\"vc_column-inner \">\n<div class=\"wpb_wrapper\">\n<div class=\"wpb_text_column wpb_content_element \">\n<div class=\"wpb_wrapper\">\n<h2><strong>Main features<\/strong><\/h2>\n<\/div>\n<\/div>\n<div class=\"vc_empty_space\"><\/div>\n<div class=\"wpb_text_column wpb_content_element  styled-list\">\n<div class=\"wpb_wrapper\">\n<ul>\n<li>4 zone terminals<\/li>\n<li>2 open-collector outputs<\/li>\n<li>Battery or externally-powered<\/li>\n<li>Compatible with any third-party wired sensor or siren<\/li>\n<li>2 NTC\/PT1000 temperature sensor terminals<\/li>\n<\/ul>\n<\/div>\n<\/div>\n<div class=\"vc_empty_space\"><\/div>\n<\/div>\n<\/div>\n<\/div>\n<\/div>\n<\/div>\n<\/div>\n<\/div>\n<\/div>\n<div id=\"manuals\" class=\"vc_row wpb_row vc_row-fluid product-manuals\"><\/div>\n<div id=\"faq\" class=\"vc_row wpb_row vc_row-fluid\"><\/div>\n<div id=\"specifications\" class=\"vc_row wpb_row vc_row-fluid specifications-block\">\n<div class=\"wpb_column vc_column_container vc_col-sm-12\">\n<div class=\"vc_column-inner \">\n<div class=\"wpb_wrapper\">\n<div class=\"vc_row wpb_row vc_inner vc_row-fluid\">\n<div class=\"wpb_column vc_column_container vc_col-sm-12\">\n<div class=\"vc_column-inner \">\n<div class=\"wpb_wrapper\">\n<div class=\"wpb_text_column wpb_content_element \">\n<div class=\"wpb_wrapper\">\n<h2><strong>Specifications<\/strong><\/h2>\n<\/div>\n<\/div>\n<div class=\"wpb_vc_table wpb_content_element spec-table spec-table\">\n<table>\n<tbody>\n<tr class=\"vc-th\">\n<td class=\"vc_table_cell\"><span class=\"vc_table_content\">Supply voltage<\/span><\/td>\n<td class=\"vc_table_cell\"><span class=\"vc_table_content\">7-15V 50mA max<\/span><\/td>\n<\/tr>\n<tr>\n<td class=\"vc_table_cell\"><span class=\"vc_table_content\">Supported batteries<\/span><\/td>\n<td class=\"vc_table_cell\"><span class=\"vc_table_content\">1,5V Alkaline AA type LR6 (IEC) \/ 15A (ANSI\/NEDA)<\/span><\/td>\n<\/tr>\n<tr>\n<td class=\"vc_table_cell\"><span class=\"vc_table_content\">Number of batteries<\/span><\/td>\n<td class=\"vc_table_cell\"><span class=\"vc_table_content\">3<\/span><\/td>\n<\/tr>\n<tr>\n<td class=\"vc_table_cell\"><span class=\"vc_table_content\">Battery operation time<\/span><\/td>\n<td class=\"vc_table_cell\"><span class=\"vc_table_content\">~18 months<\/span><\/td>\n<\/tr>\n<tr>\n<td class=\"vc_table_cell\"><span class=\"vc_table_content\">Number of zones<\/span><\/td>\n<td class=\"vc_table_cell\"><span class=\"vc_table_content\">4<\/span><\/td>\n<\/tr>\n<tr>\n<td class=\"vc_table_cell\"><span class=\"vc_table_content\">Zone connection type<\/span><\/td>\n<td class=\"vc_table_cell\"><span class=\"vc_table_content\">NC (normally-closed)<\/span><\/td>\n<\/tr>\n<tr>\n<td class=\"vc_table_cell\"><span class=\"vc_table_content\">Number of PGM outputs<\/span><\/td>\n<td class=\"vc_table_cell\"><span class=\"vc_table_content\">2<\/span><\/td>\n<\/tr>\n<tr>\n<td class=\"vc_table_cell\"><span class=\"vc_table_content\">Maximum commuting PGM output values<\/span><\/td>\n<td class=\"vc_table_cell\"><span class=\"vc_table_content\">2 \u00d7 25V; 150 mA<\/span><\/td>\n<\/tr>\n<tr>\n<td class=\"vc_table_cell\"><span class=\"vc_table_content\">Supported temperature sensor types<\/span><\/td>\n<td class=\"vc_table_cell\"><span class=\"vc_table_content\">10k\u03a9 NTC; PT1000<\/span><\/td>\n<\/tr>\n<tr>\n<td class=\"vc_table_cell\"><span class=\"vc_table_content\">Wireless band<\/span><\/td>\n<td class=\"vc_table_cell\"><span class=\"vc_table_content\">ISM868\/ISM915<\/span><\/td>\n<\/tr>\n<tr>\n<td class=\"vc_table_cell\"><span class=\"vc_table_content\">Dimensions<\/span><\/td>\n<td class=\"vc_table_cell\"><span class=\"vc_table_content\">82\u00d763\u00d717mm (3.23\u00d72.48\u00d70.67in)<\/span><\/td>\n<\/tr>\n<\/tbody>\n<\/table>\n<\/div>\n<\/div>\n<\/div>\n<\/div>\n<\/div>\n<\/div>\n<\/div>\n<\/div>\n<\/div>\n","protected":false},"excerpt":{"rendered":"<p>Wireless expansion module EW2 eldesalarms_com_product_ew2 Turns any wired sensor into wireless 4 zone terminals 2 open-collector outputs Battery or externally-powered Compatible with any third-party wired sensor or siren What is it? EW2 is a wireless device intended to expand ELDES alarm system capabilities by providing wireless connection access to any third-party wired devices. What it &hellip; <\/p>\n<p class=\"link-more\"><a href=\"https:\/\/www.hellasguard.gr\/?page_id=719\" class=\"more-link\">Continue reading<span class=\"screen-reader-text\"> &#8220;Expansion module EW2&#8221;<\/span><\/a><\/p>\n","protected":false},"author":1,"featured_media":0,"parent":0,"menu_order":0,"comment_status":"closed","ping_status":"closed","template":"","meta":[],"_links":{"self":[{"href":"https:\/\/www.hellasguard.gr\/index.php?rest_route=\/wp\/v2\/pages\/719"}],"collection":[{"href":"https:\/\/www.hellasguard.gr\/index.php?rest_route=\/wp\/v2\/pages"}],"about":[{"href":"https:\/\/www.hellasguard.gr\/index.php?rest_route=\/wp\/v2\/types\/page"}],"author":[{"embeddable":true,"href":"https:\/\/www.hellasguard.gr\/index.php?rest_route=\/wp\/v2\/users\/1"}],"replies":[{"embeddable":true,"href":"https:\/\/www.hellasguard.gr\/index.php?rest_route=%2Fwp%2Fv2%2Fcomments&post=719"}],"version-history":[{"count":3,"href":"https:\/\/www.hellasguard.gr\/index.php?rest_route=\/wp\/v2\/pages\/719\/revisions"}],"predecessor-version":[{"id":1217,"href":"https:\/\/www.hellasguard.gr\/index.php?rest_route=\/wp\/v2\/pages\/719\/revisions\/1217"}],"wp:attachment":[{"href":"https:\/\/www.hellasguard.gr\/index.php?rest_route=%2Fwp%2Fv2%2Fmedia&parent=719"}],"curies":[{"name":"wp","href":"https:\/\/api.w.org\/{rel}","templated":true}]}}